{"id":2,"date":"2025-01-05T19:25:31","date_gmt":"2025-01-05T18:25:31","guid":{"rendered":"http:\/\/letitelagueur.fr\/?page_id=2"},"modified":"2025-01-13T18:24:07","modified_gmt":"2025-01-13T17:24:07","slug":"page-d-exemple","status":"publish","type":"page","link":"https:\/\/letitelagueur.fr\/?page_id=2","title":{"rendered":"Elagage"},"content":{"rendered":"\n<p>Service d&rsquo;\u00e9lagage<\/p>\n\n\n\n<p><\/p>\n","protected":false},"excerpt":{"rendered":"<p>Pr\u00e9servez vos arbres gr\u00e2ce \u00e0 un \u00e9lagage sain et raisonn\u00e9<\/p>\n","protected":false},"author":1,"featured_media":0,"parent":0,"menu_order":0,"comment_status":"closed","ping_status":"open","template":"template-frontpage.php","meta":{"footnotes":""},"class_list":["post-2","page","type-page","status-publish","hentry"],"_links":{"self":[{"href":"https:\/\/letitelagueur.fr\/index.php?rest_route=\/wp\/v2\/pages\/2","targetHints":{"allow":["GET"]}}],"collection":[{"href":"https:\/\/letitelagueur.fr\/index.php?rest_route=\/wp\/v2\/pages"}],"about":[{"href":"https:\/\/letitelagueur.fr\/index.php?rest_route=\/wp\/v2\/types\/page"}],"author":[{"embeddable":true,"href":"https:\/\/letitelagueur.fr\/index.php?rest_route=\/wp\/v2\/users\/1"}],"replies":[{"embeddable":true,"href":"https:\/\/letitelagueur.fr\/index.php?rest_route=%2Fwp%2Fv2%2Fcomments&post=2"}],"version-history":[{"count":5,"href":"https:\/\/letitelagueur.fr\/index.php?rest_route=\/wp\/v2\/pages\/2\/revisions"}],"predecessor-version":[{"id":1562,"href":"https:\/\/letitelagueur.fr\/index.php?rest_route=\/wp\/v2\/pages\/2\/revisions\/1562"}],"wp:attachment":[{"href":"https:\/\/letitelagueur.fr\/index.php?rest_route=%2Fwp%2Fv2%2Fmedia&parent=2"}],"curies":[{"name":"wp","href":"https:\/\/api.w.org\/{rel}","templated":true}]}}